{"id":804,"date":"2018-08-30T11:52:55","date_gmt":"2018-08-30T14:52:55","guid":{"rendered":"https:\/\/cpaguirre-cba.infd.edu.ar\/sitio\/orientacion-cantante\/"},"modified":"2018-09-14T23:59:54","modified_gmt":"2018-09-15T02:59:54","slug":"orientacion-cantante","status":"publish","type":"page","link":"https:\/\/cpaguirre-cba.infd.edu.ar\/sitio\/orientacion-cantante\/","title":{"rendered":"CAV en Canto"},"content":{"rendered":"<p>&nbsp;<\/p>\n<table style=\"width: 100%; height: 1091px; background-color: #c3fbfc; border: 3px solid #00008b;\" border=\"3\" frame=\"border\" rules=\"groups\" align=\"center\">\n<tbody>\n<tr>\n<td width=\"30%\">\n<div style=\"text-align: center;\"><img decoding=\"async\" loading=\"lazy\" src=\"https:\/\/cpaguirre-cba.infd.edu.ar\/aula\/archivos\/repositorio\/0\/66\/CANTO4.jpg\" alt=\"\" width=\"238\" height=\"1022\" border=\"0\" \/><\/div>\n<\/td>\n<td style=\"text-align: center;\" colspan=\"2\">\n<h1>Formaci\u00f3n B\u00e1sica<\/h1>\n<p><span style=\"font-family: arial, helvetica, sans-serif; font-size: 14pt; color: #000080;\"><strong style=\"font-size: 12pt;\">TALLERES PRIMER NIVEL<\/strong><\/span><br \/>\n<span style=\"font-family: arial, helvetica, sans-serif; font-size: 12pt;\">LENGUAJE MUSICAL<\/span><br \/>\n<span style=\"font-family: arial, helvetica, sans-serif; font-size: 12pt;\">ENSAMBLE VOCAL E INSTRUMENTAL<\/span><br \/>\n<span style=\"font-family: arial, helvetica, sans-serif; font-size: 12pt;\">PR\u00c1CTICA DE CANTO GRUPAL<\/span><br \/>\n<span style=\"font-family: arial, helvetica, sans-serif; font-size: 12pt;\">PR\u00c1CTICA DE CANTO INDIVIDUAL<\/span><br \/>\n<span style=\"font-family: arial, helvetica, sans-serif; font-size: 12pt;\">\u00a0<\/span><br \/>\n<span style=\"font-family: arial, helvetica, sans-serif; font-size: 14pt; color: #000080;\"><strong style=\"font-size: 12pt;\">TALLERES\u00a0<strong style=\"font-size: 12pt;\">SEGUNDO<\/strong><strong style=\"font-size: 12pt;\">\u00a0NIVEL\u00a0<\/strong><br \/>\n<\/strong><\/span><span style=\"font-family: arial, helvetica, sans-serif; font-size: 12pt;\">LENGUAJE MUSICAL<\/span><br \/>\n<span style=\"font-family: arial, helvetica, sans-serif; font-size: 12pt;\">ENSAMBLE VOCAL E INSTRUMENTAL<\/span><br \/>\n<span style=\"font-family: arial, helvetica, sans-serif; font-size: 12pt;\">PR\u00c1CTICA DE CANTO GRUPAL<\/span><br \/>\n<span style=\"font-family: arial, helvetica, sans-serif; font-size: 12pt;\">PR\u00c1CTICA DE CANTO INDIVIDUAL<\/span><br \/>\n<span style=\"font-family: arial, helvetica, sans-serif; font-size: 14pt; color: #000080;\">\u00a0<\/span><br \/>\n<span style=\"font-family: arial, helvetica, sans-serif; font-size: 14pt; color: #000080;\"><strong style=\"font-size: 12pt;\">TALLERES\u00a0<strong style=\"font-size: 12pt;\">TERCER<\/strong><strong style=\"font-size: 12pt;\">\u00a0NIVEL\u00a0<\/strong><br \/>\n<\/strong><\/span><span style=\"font-family: arial, helvetica, sans-serif; font-size: 12pt;\">LENGUAJE MUSICAL<\/span><br \/>\n<span style=\"font-family: arial, helvetica, sans-serif; font-size: 12pt;\">ENSAMBLE VOCAL E INSTRUMENTAL<\/span><br \/>\n<span style=\"font-family: arial, helvetica, sans-serif; font-size: 12pt;\">PR\u00c1CTICA DE CANTO GRUPAL<\/span><br \/>\n<span style=\"font-family: arial, helvetica, sans-serif; font-size: 12pt;\">PR\u00c1CTICA DE CANTO INDIVIDUAL<\/span><\/p>\n<h1>Formaci\u00f3n Avanzada<\/h1>\n<p><span style=\"font-family: arial, helvetica, sans-serif; font-size: 14pt; color: #000080;\"><strong style=\"font-size: 12pt;\">TALLERES PRIMER NIVEL<\/strong><\/span><br \/>\n<span style=\"font-family: arial, helvetica, sans-serif; font-size: 12pt;\">LENGUAJE Y APRECIACI\u00d3N MUSICAL<\/span><br \/>\n<span style=\"font-family: arial, helvetica, sans-serif; font-size: 12pt;\">ENSAMBLE DE M\u00daSICA ARGENTINA Y LATINOAMERICANA<\/span><br \/>\n<span style=\"font-family: arial, helvetica, sans-serif; font-size: 12pt;\">CANTO GRUPAL<\/span><br \/>\n<span style=\"font-family: arial, helvetica, sans-serif; font-size: 12pt;\">CANTO<\/span><br \/>\n<span style=\"font-family: arial, helvetica, sans-serif; font-size: 12pt;\">\u00a0<\/span><br \/>\n<span style=\"font-family: arial, helvetica, sans-serif; font-size: 14pt; color: #000080;\"><strong style=\"font-size: 12pt;\">TALLERES SEGUNDO NIVEL<\/strong><\/span><br \/>\n<span style=\"font-family: arial, helvetica, sans-serif; font-size: 12pt;\">LENGUAJE Y APRECIACI\u00d3N MUSICAL<br \/>\nENSAMBLE DE M\u00daSICA POPULAR<br \/>\nCANTO GRUPAL<br \/>\n<\/span><span style=\"font-family: arial, helvetica, sans-serif; font-size: 12pt;\">CANTO\u00a0<\/span><br \/>\n<span style=\"font-family: arial, helvetica, sans-serif; font-size: 12pt;\">\u00a0<\/span><br \/>\n<span style=\"font-family: arial, helvetica, sans-serif; font-size: 14pt; color: #000080;\"><strong style=\"font-size: 12pt;\">TALLERES TERCER NIVEL<\/strong><\/span><br \/>\n<span style=\"font-family: arial, helvetica, sans-serif; font-size: 12pt;\">LENGUAJE Y APRECIACI\u00d3N MUSICAL<br \/>\nENSAMBLE DE M\u00daSICA DE C\u00c1MARA<br \/>\nCANTO GRUPAL<br \/>\nCANTO\u00a0<\/span><\/td>\n<\/tr>\n<\/tbody>\n<\/table>\n","protected":false},"excerpt":{"rendered":"<p>&nbsp; Formaci\u00f3n B\u00e1sica TALLERES PRIMER NIVEL LENGUAJE MUSICAL ENSAMBLE VOCAL E INSTRUMENTAL PR\u00c1CTICA DE CANTO GRUPAL PR\u00c1CTICA DE CANTO INDIVIDUAL \u00a0 TALLERES\u00a0SEGUNDO\u00a0NIVEL\u00a0 LENGUAJE MUSICAL ENSAMBLE VOCAL E INSTRUMENTAL PR\u00c1CTICA DE CANTO GRUPAL PR\u00c1CTICA DE CANTO INDIVIDUAL \u00a0 TALLERES\u00a0TERCER\u00a0NIVEL\u00a0 LENGUAJE MUSICAL ENSAMBLE VOCAL E INSTRUMENTAL PR\u00c1CTICA DE CANTO GRUPAL PR\u00c1CTICA DE CANTO INDIVIDUAL Formaci\u00f3n Avanzada TALLERES &#8230; <a title=\"CAV en Canto\" class=\"read-more\" href=\"https:\/\/cpaguirre-cba.infd.edu.ar\/sitio\/orientacion-cantante\/\" aria-label=\"More on CAV en Canto\">[+]<\/a><\/p>\n","protected":false},"author":312,"featured_media":0,"parent":0,"menu_order":0,"comment_status":"closed","ping_status":"closed","template":"","meta":[],"acf":[],"_links":{"self":[{"href":"https:\/\/cpaguirre-cba.infd.edu.ar\/sitio\/wp-json\/wp\/v2\/pages\/804"}],"collection":[{"href":"https:\/\/cpaguirre-cba.infd.edu.ar\/sitio\/wp-json\/wp\/v2\/pages"}],"about":[{"href":"https:\/\/cpaguirre-cba.infd.edu.ar\/sitio\/wp-json\/wp\/v2\/types\/page"}],"author":[{"embeddable":true,"href":"https:\/\/cpaguirre-cba.infd.edu.ar\/sitio\/wp-json\/wp\/v2\/users\/312"}],"replies":[{"embeddable":true,"href":"https:\/\/cpaguirre-cba.infd.edu.ar\/sitio\/wp-json\/wp\/v2\/comments?post=804"}],"version-history":[{"count":2,"href":"https:\/\/cpaguirre-cba.infd.edu.ar\/sitio\/wp-json\/wp\/v2\/pages\/804\/revisions"}],"predecessor-version":[{"id":872,"href":"https:\/\/cpaguirre-cba.infd.edu.ar\/sitio\/wp-json\/wp\/v2\/pages\/804\/revisions\/872"}],"wp:attachment":[{"href":"https:\/\/cpaguirre-cba.infd.edu.ar\/sitio\/wp-json\/wp\/v2\/media?parent=804"}],"curies":[{"name":"wp","href":"https:\/\/api.w.org\/{rel}","templated":true}]}}