{"id":790,"date":"2018-08-30T11:52:50","date_gmt":"2018-08-30T14:52:50","guid":{"rendered":"https:\/\/cpaguirre-cba.infd.edu.ar\/sitio\/docentes\/"},"modified":"2025-07-24T13:33:38","modified_gmt":"2025-07-24T16:33:38","slug":"docentes","status":"publish","type":"page","link":"https:\/\/cpaguirre-cba.infd.edu.ar\/sitio\/docentes\/","title":{"rendered":"Docentes"},"content":{"rendered":"<p style=\"text-align: center;\"><span style=\"color: #cc6600; font-family: Arial; font-size: medium;\" data-mce-mark=\"1\"><strong><span style=\"font-size: 14pt; color: #0000ff;\" data-mce-mark=\"1\">PROFESORADO DE M\u00daSICA<\/span><br \/>\n<\/strong><\/span><\/p>\n<table style=\"border: 1px solid #5090b0; width: 1017px; height: 1488px;\" border=\"1\" cellspacing=\"0\" cellpadding=\"0\" align=\"center\">\n<tbody>\n<tr align=\"center\" valign=\"middle\">\n<td style=\"width: 45%; height: 20px; background-color: #ddeaf0; border: #5090b0 1px solid;\" align=\"center\" valign=\"middle\"><span style=\"font-size: small;\" data-mce-mark=\"1\"><span style=\"font-family: verdana, geneva;\" data-mce-mark=\"1\"><span style=\"color: #3e748e;\" data-mce-mark=\"1\"><strong>Espacio Curricular<\/strong><\/span><\/span><\/span><\/td>\n<td style=\"width: 45%; height: 20px; background-color: #ddeaf0; border: #5090b0 1px solid;\" align=\"center\" valign=\"middle\"><span style=\"font-size: small;\" data-mce-mark=\"1\"><span style=\"color: #3e748e; font-family: verdana, geneva;\" data-mce-mark=\"1\"><strong>Docentes<br \/>\n<\/strong><\/span><\/span><\/td>\n<\/tr>\n<tr align=\"center\" valign=\"middle\">\n<td style=\"width: 45%; height: 20px; border: #5090b0 1px solid;\" align=\"center\" valign=\"middle\"><span style=\"font-size: 10pt; font-family: verdana, geneva;\" data-mce-mark=\"1\">Pr\u00e1ctica y Teor\u00eda del Lenguaje Musical I \/ II<\/span><\/td>\n<td style=\"width: 45%; height: 20px; border: 1px solid #5090b0; text-align: center;\" align=\"center\" valign=\"middle\"><span style=\"font-size: 10pt; font-family: verdana, geneva;\" data-mce-mark=\"1\">Alejandra Caffaratti<\/span><\/td>\n<\/tr>\n<tr>\n<td style=\"width: 45%; height: 20px; border: #5090b0 1px solid;\" align=\"center\" valign=\"middle\"><span style=\"font-size: 10pt; font-family: verdana, geneva;\" data-mce-mark=\"1\">M\u00fasica y lenguaje Corporal<\/span><\/td>\n<td style=\"width: 45%; height: 20px; border: #5090b0 1px solid;\" align=\"center\" valign=\"middle\"><span style=\"font-family: verdana,geneva; font-size: 10pt;\" data-mce-mark=\"1\">Lucila Amaya<\/span><\/td>\n<\/tr>\n<tr>\n<td style=\"width: 45%; height: 20px; border: #5090b0 1px solid;\" align=\"center\" valign=\"middle\"><span style=\"font-family: verdana,geneva; font-size: 10pt;\" data-mce-mark=\"1\">\u00a0Pr\u00e1ctica y Teor\u00eda del Lenguaje Musical III<br \/>\n<\/span><\/td>\n<td style=\"width: 45%; height: 20px; border: #5090b0 1px solid;\" align=\"center\" valign=\"middle\"><span style=\"font-family: verdana,geneva; font-size: 10pt;\" data-mce-mark=\"1\">Jorgelina Llonga<br \/>\n<\/span><\/td>\n<\/tr>\n<tr>\n<td style=\"width: 45%; height: 20px; border: #5090b0 1px solid;\" align=\"center\" valign=\"middle\"><span style=\"font-family: verdana,geneva; font-size: 10pt;\" data-mce-mark=\"1\">\u00a0Educaci\u00f3n Vocal I<br \/>\n<\/span><\/td>\n<td style=\"width: 45%; height: 20px; border: #5090b0 1px solid;\" align=\"center\" valign=\"middle\"><span style=\"font-family: verdana,geneva; font-size: 10pt;\" data-mce-mark=\"1\">Juan Ignacio Noro\u00f1a<\/span><\/td>\n<\/tr>\n<tr>\n<td style=\"width: 45%; height: 20px; border: #5090b0 1px solid;\" align=\"center\" valign=\"middle\"><span style=\"font-family: verdana,geneva; font-size: 10pt;\" data-mce-mark=\"1\">\u00a0<span style=\"font-family: verdana,geneva;\" data-mce-mark=\"1\">\u00a0Educaci\u00f3n Vocal II<\/span><\/span><\/td>\n<td style=\"width: 45%; height: 20px; border: #5090b0 1px solid;\" align=\"center\" valign=\"middle\"><span style=\"font-family: verdana,geneva; font-size: 10pt;\" data-mce-mark=\"1\">Roxana Gualpa<br \/>\n<\/span><\/td>\n<\/tr>\n<tr>\n<td style=\"width: 45%; height: 20px; border: #5090b0 1px solid;\" align=\"center\" valign=\"middle\"><span style=\"font-family: verdana,geneva; font-size: 10pt;\" data-mce-mark=\"1\">\u00a0<span style=\"font-family: verdana,geneva;\" data-mce-mark=\"1\">\u00a0Educaci\u00f3n Vocal y Pr\u00e1ctica Coral I<\/span>II<\/span><\/td>\n<td style=\"width: 45%; height: 20px; border: #5090b0 1px solid;\" align=\"center\" valign=\"middle\"><span style=\"font-family: verdana,geneva; font-size: 10pt;\" data-mce-mark=\"1\">Luciana Cazzola<\/span><\/td>\n<\/tr>\n<tr>\n<td style=\"width: 45%; height: 20px; border: #5090b0 1px solid;\" align=\"center\" valign=\"middle\"><span style=\"font-family: verdana,geneva; font-size: 10pt;\" data-mce-mark=\"1\">\u00a0Pr\u00e1ctica Coral I<br \/>\n<\/span><\/td>\n<td style=\"width: 45%; height: 20px; border: #5090b0 1px solid;\" align=\"center\" valign=\"middle\"><span style=\"font-family: verdana,geneva; font-size: 10pt;\" data-mce-mark=\"1\">Juan Ignacio Noro\u00f1a<\/span><\/td>\n<\/tr>\n<tr>\n<td style=\"width: 45%; height: 20px; border: #5090b0 1px solid;\" align=\"center\" valign=\"middle\"><span style=\"font-family: verdana,geneva; font-size: 10pt;\" data-mce-mark=\"1\">Pr\u00e1ctica Coral II<br \/>\n<\/span><\/td>\n<td style=\"width: 45%; height: 20px; border: #5090b0 1px solid;\" align=\"center\" valign=\"middle\"><span style=\"font-family: verdana,geneva; font-size: 10pt;\" data-mce-mark=\"1\">Roxana Gualpa<br \/>\n<\/span><\/td>\n<\/tr>\n<tr>\n<td style=\"width: 45%; height: 20px; border: #5090b0 1px solid;\" align=\"center\" valign=\"middle\"><span style=\"font-family: verdana,geneva; font-size: 10pt;\" data-mce-mark=\"1\">Direcci\u00f3n Coral<\/span><\/td>\n<td style=\"width: 45%; height: 20px; border: #5090b0 1px solid;\" align=\"center\" valign=\"middle\"><span style=\"font-family: verdana,geneva; font-size: 10pt;\" data-mce-mark=\"1\">Juan Ignacio Noro\u00f1a<\/span><\/td>\n<\/tr>\n<tr>\n<td style=\"width: 45%; height: 20px; border: #5090b0 1px solid;\" align=\"center\" valign=\"middle\"><span style=\"font-family: verdana,geneva; font-size: 10pt;\" data-mce-mark=\"1\">\u00a0Instrumento arm\u00f3nico: P<\/span><span style=\"font-family: verdana,geneva; font-size: 10pt;\" data-mce-mark=\"1\">iano \u00a0 \u00a0 \u00a0 \u00a0 \u00a0I -II &#8211; III<br \/>\n<\/span><\/td>\n<td style=\"width: 45%; height: 20px; border: #5090b0 1px solid;\" align=\"center\" valign=\"middle\"><span style=\"font-family: verdana,geneva; font-size: 10pt;\" data-mce-mark=\"1\">Daniela Gallo &#8211;<\/span><span style=\"font-family: verdana,geneva; font-size: 10pt;\" data-mce-mark=\"1\"> Jos\u00e9 Luis Oviedo &#8211;<\/span><span style=\"font-family: verdana,geneva; font-size: 10pt;\" data-mce-mark=\"1\">Virginia Gonz\u00e1lez<br \/>\n<\/span><\/td>\n<\/tr>\n<tr>\n<td style=\"width: 45%; height: 20px; border: #5090b0 1px solid;\" align=\"center\" valign=\"middle\"><span style=\"font-family: verdana,geneva; font-size: 10pt;\" data-mce-mark=\"1\">\u00a0Instrumento arm\u00f3nico: Guitarra \u00a0 \u00a0 \u00a0 I &#8211; II &#8211; III<\/span><\/td>\n<td style=\"width: 45%; height: 20px; border: #5090b0 1px solid;\" align=\"center\" valign=\"middle\"><span style=\"font-family: verdana,geneva; font-size: 10pt;\" data-mce-mark=\"1\">Walter Cisneros &#8211;\u00a0<\/span><span style=\"font-family: verdana,geneva; font-size: 10pt;\" data-mce-mark=\"1\"> Adri\u00e1n Rotger<br \/>\n<\/span><\/td>\n<\/tr>\n<tr>\n<td style=\"width: 45%; height: 20px; border: #5090b0 1px solid;\" align=\"center\" valign=\"middle\"><span style=\"font-family: verdana,geneva; font-size: 10pt;\" data-mce-mark=\"1\">\u00a0Percusi\u00f3n Latinoamericana<br \/>\n<\/span><\/td>\n<td style=\"width: 45%; height: 20px; border: #5090b0 1px solid;\" align=\"center\" valign=\"middle\"><span style=\"font-family: verdana,geneva; font-size: 10pt;\" data-mce-mark=\"1\">Julio Escudero<br \/>\n<\/span><\/td>\n<\/tr>\n<tr>\n<td style=\"width: 45%; height: 20px; border: #5090b0 1px solid;\" align=\"center\" valign=\"middle\"><span style=\"font-family: verdana,geneva; font-size: 10pt;\" data-mce-mark=\"1\">\u00a0UDI II: Percusi\u00f3n<br \/>\n<\/span><\/td>\n<td style=\"width: 45%; height: 20px; border: #5090b0 1px solid;\" align=\"center\" valign=\"middle\"><span style=\"font-family: verdana,geneva; font-size: 10pt;\" data-mce-mark=\"1\">Daniela Gallo<br \/>\n<\/span><\/td>\n<\/tr>\n<tr>\n<td style=\"width: 45%; height: 20px; border: #5090b0 1px solid;\" align=\"center\" valign=\"middle\"><span style=\"font-family: verdana,geneva; font-size: 10pt;\" data-mce-mark=\"1\">Pedagog\u00eda<br \/>\n<\/span><\/td>\n<td style=\"width: 45%; height: 20px; border: #5090b0 1px solid;\" align=\"center\" valign=\"middle\"><span style=\"font-family: verdana,geneva; font-size: 10pt;\" data-mce-mark=\"1\">Mar\u00eda del Valle Peter<br \/>\n<\/span><\/td>\n<\/tr>\n<tr>\n<td style=\"width: 45%; height: 20px; border: #5090b0 1px solid;\" align=\"center\" valign=\"middle\"><span style=\"font-family: verdana,geneva; font-size: 10pt;\" data-mce-mark=\"1\">\u00a0Problem\u00e1ticas Socio -antropol\u00f3gicas en Educaci\u00f3n<br \/>\n<\/span><\/td>\n<td style=\"width: 45%; height: 20px; border: #5090b0 1px solid;\" align=\"center\" valign=\"middle\"><span style=\"font-family: verdana,geneva; font-size: 10pt;\" data-mce-mark=\"1\">Gabriela Quesada<br \/>\n<\/span><\/td>\n<\/tr>\n<tr>\n<td style=\"width: 45%; height: 20px; border: #5090b0 1px solid;\" align=\"center\" valign=\"middle\"><span style=\"font-family: verdana,geneva; font-size: 10pt;\" data-mce-mark=\"1\">Psicolog\u00eda y Educaci\u00f3n<br \/>\n<\/span><\/td>\n<td style=\"width: 45%; height: 20px; border: #5090b0 1px solid;\" align=\"center\" valign=\"middle\"><span style=\"font-family: verdana,geneva; font-size: 10pt;\" data-mce-mark=\"1\">Mar\u00eda del Valle Peter<br \/>\n<\/span><\/td>\n<\/tr>\n<tr>\n<td style=\"width: 45%; height: 20px; border: #5090b0 1px solid;\" align=\"center\" valign=\"middle\"><span style=\"font-family: verdana,geneva; font-size: 10pt;\" data-mce-mark=\"1\">\u00a0Arte, Cultura y Sociedad<br \/>\n<\/span><\/td>\n<td style=\"width: 45%; height: 20px; border: #5090b0 1px solid;\" align=\"center\" valign=\"middle\"><span style=\"font-family: verdana,geneva; font-size: 10pt;\" data-mce-mark=\"1\">Gerardo Mercau\u00a0<\/span><span style=\"font-family: verdana,geneva; font-size: 10pt;\" data-mce-mark=\"1\"><br \/>\n<\/span><\/td>\n<\/tr>\n<tr>\n<td style=\"width: 45%; height: 20px; border: #5090b0 1px solid;\" align=\"center\" valign=\"middle\"><span style=\"font-family: verdana,geneva; font-size: 10pt;\" data-mce-mark=\"1\">\u00a0Sujetos de la Educaci\u00f3n<br \/>\n<\/span><\/td>\n<td style=\"width: 45%; height: 20px; border: #5090b0 1px solid;\" align=\"center\" valign=\"middle\"><span style=\"font-family: verdana,geneva; font-size: 10pt;\" data-mce-mark=\"1\">Sandra Amor<br \/>\n<\/span><\/td>\n<\/tr>\n<tr>\n<td style=\"width: 45%; height: 20px; border: #5090b0 1px solid;\" align=\"center\" valign=\"middle\"><span style=\"font-family: verdana,geneva; font-size: 10pt;\" data-mce-mark=\"1\">\u00a0Did\u00e1ctica General<br \/>\n<\/span><\/td>\n<td style=\"width: 45%; height: 20px; border: #5090b0 1px solid;\" align=\"center\" valign=\"middle\"><span style=\"font-family: verdana,geneva; font-size: 10pt;\" data-mce-mark=\"1\">Luciana Gramaglia<br \/>\n<\/span><\/td>\n<\/tr>\n<tr>\n<td style=\"width: 45%; height: 20px; border: #5090b0 1px solid;\" align=\"center\" valign=\"middle\"><span style=\"font-family: verdana,geneva; font-size: 10pt;\" data-mce-mark=\"1\">Did\u00e1ctica de la M\u00fasica en el Nivel Inicial y Primario<\/span><\/td>\n<td style=\"width: 45%; height: 20px; border: #5090b0 1px solid;\" align=\"center\" valign=\"middle\"><span style=\"font-size: 10pt;\" data-mce-mark=\"1\">Alejandra Caffaratti<\/span><\/td>\n<\/tr>\n<tr>\n<td style=\"width: 45%; height: 20px; border: #5090b0 1px solid;\" align=\"center\" valign=\"middle\"><span style=\"font-family: verdana,geneva; font-size: 10pt;\" data-mce-mark=\"1\">Did\u00e1ctica de la M\u00fasica en el Nivel Secundario<\/span><\/td>\n<td style=\"width: 45%; height: 20px; border: #5090b0 1px solid;\" align=\"center\" valign=\"middle\"><span style=\"font-size: 10pt;\" data-mce-mark=\"1\">Gerardo Mercau<\/span><\/td>\n<\/tr>\n<tr>\n<td style=\"width: 45%; height: 20px; border: #5090b0 1px solid;\" align=\"center\" valign=\"middle\"><span style=\"font-family: verdana,geneva; font-size: 10pt;\" data-mce-mark=\"1\">\u00a0Conjunto Instrumental I<br \/>\n<\/span><\/td>\n<td style=\"width: 45%; height: 20px; border: #5090b0 1px solid;\" align=\"center\" valign=\"middle\"><span style=\"font-size: 10pt;\" data-mce-mark=\"1\">\u00a0Pablo Gonella<\/span><\/td>\n<\/tr>\n<tr>\n<td style=\"width: 45%; height: 20px; border: #5090b0 1px solid;\" align=\"center\" valign=\"middle\"><span style=\"font-family: verdana,geneva; font-size: 10pt;\" data-mce-mark=\"1\">\u00a0Conjunto Instrumental II<\/span><\/td>\n<td style=\"width: 45%; height: 20px; border: #5090b0 1px solid;\" align=\"center\" valign=\"middle\">\u00a0<span style=\"font-family: verdana,geneva; font-size: 10pt;\" data-mce-mark=\"1\">Adri\u00e1n Rotger<\/span><\/td>\n<\/tr>\n<tr>\n<td style=\"width: 45%; height: 20px; border: #5090b0 1px solid;\" align=\"center\" valign=\"middle\">\u00a0<span style=\"font-family: verdana,geneva; font-size: 10pt;\" data-mce-mark=\"1\">\u00a0Conjunto Instrumental III<\/span><\/td>\n<td style=\"width: 45%; height: 20px; border: #5090b0 1px solid;\" align=\"center\" valign=\"middle\"><span style=\"font-family: verdana,geneva; font-size: 10pt;\" data-mce-mark=\"1\">Walter Cisneros<\/span><\/td>\n<\/tr>\n<tr>\n<td style=\"width: 45%; height: 20px; border: #5090b0 1px solid;\" align=\"center\" valign=\"middle\"><span style=\"font-family: verdana,geneva; font-size: 10pt;\" data-mce-mark=\"1\">\u00a0Pr\u00e1ctica Docente I &#8211; II<\/span><\/td>\n<td style=\"width: 45%; height: 20px; border: #5090b0 1px solid;\" align=\"center\" valign=\"middle\"><span style=\"font-family: verdana,geneva; font-size: 10pt;\" data-mce-mark=\"1\">Gabriela Quesada<\/span><\/td>\n<\/tr>\n<tr>\n<td style=\"width: 45%; height: 20px; border: #5090b0 1px solid;\" align=\"center\" valign=\"middle\"><span style=\"font-family: verdana,geneva; font-size: 10pt;\" data-mce-mark=\"1\">\u00a0Pr\u00e1ctica Docente III<\/span><\/td>\n<td style=\"width: 45%; height: 20px; border: #5090b0 1px solid;\" align=\"center\" valign=\"middle\"><span style=\"font-family: verdana,geneva; font-size: 10pt;\" data-mce-mark=\"1\"><span style=\"font-size: 10pt;\" data-mce-mark=\"1\">\u00a0Jorgelina Llonga<\/span><\/span><\/td>\n<\/tr>\n<tr>\n<td style=\"width: 45%; height: 20px; border: #5090b0 1px solid;\" align=\"center\" valign=\"middle\"><span style=\"font-family: verdana,geneva; font-size: 10pt;\" data-mce-mark=\"1\">\u00a0Pr\u00e1ctica Docente IV<\/span><\/td>\n<td style=\"width: 45%; height: 20px; border: #5090b0 1px solid;\" align=\"center\" valign=\"middle\"><span style=\"font-family: verdana,geneva; font-size: 10pt;\" data-mce-mark=\"1\">Gerardo Mercau<\/span><\/td>\n<\/tr>\n<tr>\n<td style=\"width: 45%; height: 20px; border: #5090b0 1px solid;\" align=\"center\" valign=\"middle\"><span style=\"font-family: verdana,geneva; font-size: 10pt;\" data-mce-mark=\"1\">Educaci\u00f3n Sexual Integral<\/span><\/td>\n<td style=\"width: 45%; height: 20px; border: #5090b0 1px solid;\" align=\"center\" valign=\"middle\"><span style=\"font-family: verdana,geneva; font-size: 10pt;\" data-mce-mark=\"1\">Valeria Angeli\u00a0<\/span><\/td>\n<\/tr>\n<tr>\n<td style=\"width: 45%; height: 20px; border: #5090b0 1px solid;\" align=\"center\" valign=\"middle\"><span style=\"font-family: verdana,geneva; font-size: 10pt;\" data-mce-mark=\"1\">Arte y Educaci\u00f3n Especial<\/span><\/td>\n<td style=\"width: 45%; height: 20px; border: #5090b0 1px solid;\" align=\"center\" valign=\"middle\"><span style=\"font-family: verdana,geneva; font-size: 10pt;\" data-mce-mark=\"1\">Ana Bianco<\/span><\/td>\n<\/tr>\n<tr>\n<td style=\"width: 45%; height: 20px; border: #5090b0 1px solid;\" align=\"center\" valign=\"middle\"><span style=\"font-family: verdana,geneva; font-size: 10pt;\" data-mce-mark=\"1\">M\u00fasicas Urbanas<\/span><\/td>\n<td style=\"width: 45%; height: 20px; border: #5090b0 1px solid;\" align=\"center\" valign=\"middle\"><span style=\"font-family: verdana,geneva; font-size: 10pt;\" data-mce-mark=\"1\">Gerardo Mercau<\/span><\/td>\n<\/tr>\n<tr>\n<td style=\"width: 45%; height: 20px; border: #5090b0 1px solid;\" align=\"center\" valign=\"middle\"><span style=\"font-family: verdana,geneva; font-size: 10pt;\" data-mce-mark=\"1\">Investigaci\u00f3n en Arte \/ Producci\u00f3n en Arte<\/span><\/td>\n<td style=\"width: 45%; height: 20px; border: #5090b0 1px solid;\" align=\"center\" valign=\"middle\"><span style=\"font-family: verdana,geneva; font-size: 10pt;\" data-mce-mark=\"1\">Juan Pablo Soler Milanesio<\/span><\/td>\n<\/tr>\n<tr>\n<td style=\"width: 45%; height: 20px; border: #5090b0 1px solid;\" align=\"center\" valign=\"middle\"><span style=\"font-family: verdana,geneva; font-size: 10pt;\" data-mce-mark=\"1\">La M\u00fasica en la Historia<\/span><\/td>\n<td style=\"width: 45%; height: 20px; border: #5090b0 1px solid;\" align=\"center\" valign=\"middle\"><span style=\"font-family: verdana,geneva; font-size: 10pt;\" data-mce-mark=\"1\">Jos\u00e9 Luis Oviedo<\/span><\/td>\n<\/tr>\n<tr>\n<td style=\"width: 45%; height: 20px; border: #5090b0 1px solid;\" align=\"center\" valign=\"middle\"><span style=\"font-family: verdana,geneva; font-size: 10pt;\" data-mce-mark=\"1\">Tecnolog\u00eda Anal\u00f3gica y Digital en M\u00fasica<\/span><\/td>\n<td style=\"width: 45%; height: 20px; border: #5090b0 1px solid;\" align=\"center\" valign=\"middle\"><span style=\"font-family: verdana,geneva; font-size: 10pt;\" data-mce-mark=\"1\">Alejandro Sosa<\/span><\/td>\n<\/tr>\n<tr>\n<td style=\"width: 45%; height: 20px; border: #5090b0 1px solid;\" align=\"center\" valign=\"middle\"><span style=\"font-family: verdana,geneva; font-size: 10pt;\" data-mce-mark=\"1\">UDI I: Danzas folkl\u00f3ricas argentinas y latinoamericanas<\/span><\/td>\n<td style=\"width: 45%; height: 20px; border: #5090b0 1px solid;\" align=\"center\" valign=\"middle\"><span style=\"font-family: verdana,geneva; font-size: 10pt;\" data-mce-mark=\"1\">Marcelo Alcoba<\/span><\/td>\n<\/tr>\n<tr>\n<td style=\"width: 45%; height: 20px; border: #5090b0 1px solid;\" align=\"center\" valign=\"middle\"><span style=\"font-family: verdana,geneva; font-size: 10pt;\" data-mce-mark=\"1\">Folklore argentino y latinoamericano<\/span><\/td>\n<td style=\"width: 45%; height: 20px; border: #5090b0 1px solid;\" align=\"center\" valign=\"middle\"><span style=\"font-family: verdana,geneva; font-size: 10pt;\" data-mce-mark=\"1\">Walter Cisneros<\/span><\/td>\n<\/tr>\n<tr>\n<td style=\"width: 45%; height: 20px; border: #5090b0 1px solid;\" align=\"center\" valign=\"middle\"><span style=\"font-family: verdana,geneva; font-size: 10pt;\" data-mce-mark=\"1\">Filosof\u00eda y educaci\u00f3n<\/span><\/td>\n<td style=\"width: 45%; height: 20px; border: #5090b0 1px solid;\" align=\"center\" valign=\"middle\"><span style=\"font-family: verdana,geneva; font-size: 10pt;\" data-mce-mark=\"1\">Anah\u00ed Mazzoni\u00a0<\/span><\/td>\n<\/tr>\n<\/tbody>\n<\/table>\n<p style=\"text-align: center;\"><strong><span style=\"font-size: 14pt;\"><br \/>\n<span style=\"color: #0000ff;\">CICLO ART\u00cdSTICO VOCACIONAL\u00a0<\/span><\/span><\/strong><\/p>\n<p><strong><span style=\"color: #0000ff;\">FORMACI\u00d3N B\u00c1SICA<\/span><\/strong><\/p>\n<p><strong>Lenguaje Musical:<\/strong> Maricel Gariglio &#8211; Mar\u00eda Adriana P\u00e9rez &#8211; Pamela Baldasarre &#8211; Cristian Sitko<\/p>\n<p><strong>Ensamble Vocal e Instrumental: <\/strong>Cristian Sitko &#8211; Maximiliano Brito Riviere<\/p>\n<p><strong><span style=\"color: #0000ff;\">FORMACI\u00d3N AVANZADA<\/span><\/strong><\/p>\n<p><strong>Lenguaje y Apreciaci\u00f3n Musical:<\/strong> Adri\u00e1n Ferrochio &#8211; Jos\u00e9 Luis Oviedo &#8211;\u00a0 Pamela Baldasarre<\/p>\n<p><strong>Ensamble de M\u00fasica Argentina:<\/strong>Adri\u00e1n Ferrochio<\/p>\n<p><strong>Ensamble de M\u00fasica Popular: <\/strong>Maximiliano Brito Riviere<\/p>\n<p><strong>Ensamble de M\u00fasica de C\u00e1mara: <\/strong>Jos\u00e9 Luis Oviedo<\/p>\n<p><span style=\"color: #0000ff;\"><strong>CAV INSTRUMENTO\/CANTO<\/strong><\/span><\/p>\n<p><span style=\"color: #000000;\"><strong>PIANO: <\/strong>Carmen Elicegui &#8211; Vicente Ronza &#8211; Alejandra Caffaratti &#8211; Jos\u00e9 Luis Oviedo &#8211; Brenda Durquet &#8211; Pamela Ardissone -Alejandra Garay &#8211; Cristian Sitko<\/span><\/p>\n<p><strong>GUITARRA:<\/strong> Pablo Gonella &#8211; Jorge Jewsbury &#8211; Gonzalo Antu\u00f1a &#8211; Iv\u00e1n Fischer &#8211; Adri\u00e1n Rotger &#8211;<\/p>\n<p><strong>PERCUSI\u00d3N:<\/strong> Julio Escudero &#8211; Rafael Pereno<\/p>\n<p style=\"text-align: left;\"><strong>VIOL\u00cdN:<\/strong> Eduardo Lhez &#8211; Diego Seitz<\/p>\n<p><strong>VIOLONCELLO:<\/strong> Valeria Milioto<\/p>\n<p><strong>CONTRABAJO:<\/strong> Gonzalo Villarreal Rivarola<\/p>\n<p><strong>SAXOF\u00d3N:<\/strong> Leandro Daghero<\/p>\n<p><strong>CLARINETE:<\/strong> Leandro Daghero<\/p>\n<p><strong>FLAUTA TRAVERSA:<\/strong> Pamela Baldasarre &#8211; Luciana Manchado<\/p>\n<p><strong>VIENTOS ANDINOS:<\/strong> Adri\u00e1n Rotger<\/p>\n<p><strong>CANTO:<\/strong> Emma Ceballos &#8211; Gerardo Figuera &#8211; Jorge Aguilar<\/p>\n<p style=\"text-align: center;\"><span style=\"font-family: verdana,geneva; font-size: 10pt;\" data-mce-mark=\"1\">\u00a0<\/span><span style=\"color: #0000ff;\"><strong><span style=\"font-size: 14pt;\">CICLO ART\u00cdSTICO VOCACIONAL INFANTIL<\/span><\/strong><\/span><\/p>\n<p style=\"text-align: center;\">Emma Ceballos &#8211; Marcela Fern\u00e1ndez &#8211; Mar\u00eda Adriana P\u00e9rez -Cristian Sitko<\/p>\n<p style=\"text-align: center;\">Pablo Gonella &#8211; Daniela Gallo &#8211; Diego Seitz &#8211; Valeria Milioto &#8211; Iv\u00e1n Fischer &#8211;<\/p>\n<p style=\"text-align: center;\"><span style=\"font-size: 14pt; color: #0000ff;\"><span style=\"font-size: 14pt;\"><b>TALLER DE <\/b><\/span><span style=\"font-size: 18.6667px;\"><b>EXPRESI\u00d3N<\/b><\/span><span style=\"font-size: 14pt;\"><b>\u00a0MUSICAL PARA NI\u00d1OS\u00a0<\/b><\/span><\/span><\/p>\n<p style=\"text-align: center;\">Daniela Gallo &#8211; Cecilia Farrell &#8211; Valeria Foresto -Emma Ceballos &#8211;<\/p>\n<p style=\"text-align: center;\"><span style=\"color: #0000ff;\"><strong><span style=\"font-size: 14pt;\">CORO DE NI\u00d1OS &#8211; PEQUE\u00d1OS CANTORES<\/span><\/strong><\/span><\/p>\n<p style=\"text-align: center;\"><span style=\"color: #0000ff;\"><strong><span style=\"font-size: 14pt;\">\u00a0ENSAMBLE VOCAL FEMENINO<\/span><\/strong><\/span><\/p>\n<p style=\"text-align: center;\">Luciana Cazzola<\/p>\n<p style=\"text-align: center;\">\n","protected":false},"excerpt":{"rendered":"<p>PROFESORADO DE M\u00daSICA Espacio Curricular Docentes Pr\u00e1ctica y Teor\u00eda del Lenguaje Musical I \/ II Alejandra Caffaratti M\u00fasica y lenguaje Corporal Lucila Amaya \u00a0Pr\u00e1ctica y Teor\u00eda del Lenguaje Musical III Jorgelina Llonga \u00a0Educaci\u00f3n Vocal I Juan Ignacio Noro\u00f1a \u00a0\u00a0Educaci\u00f3n Vocal II Roxana Gualpa \u00a0\u00a0Educaci\u00f3n Vocal y Pr\u00e1ctica Coral III Luciana Cazzola \u00a0Pr\u00e1ctica Coral I Juan &#8230; <a title=\"Docentes\" class=\"read-more\" href=\"https:\/\/cpaguirre-cba.infd.edu.ar\/sitio\/docentes\/\" aria-label=\"More on Docentes\">[+]<\/a><\/p>\n","protected":false},"author":312,"featured_media":0,"parent":0,"menu_order":0,"comment_status":"closed","ping_status":"closed","template":"","meta":[],"acf":[],"_links":{"self":[{"href":"https:\/\/cpaguirre-cba.infd.edu.ar\/sitio\/wp-json\/wp\/v2\/pages\/790"}],"collection":[{"href":"https:\/\/cpaguirre-cba.infd.edu.ar\/sitio\/wp-json\/wp\/v2\/pages"}],"about":[{"href":"https:\/\/cpaguirre-cba.infd.edu.ar\/sitio\/wp-json\/wp\/v2\/types\/page"}],"author":[{"embeddable":true,"href":"https:\/\/cpaguirre-cba.infd.edu.ar\/sitio\/wp-json\/wp\/v2\/users\/312"}],"replies":[{"embeddable":true,"href":"https:\/\/cpaguirre-cba.infd.edu.ar\/sitio\/wp-json\/wp\/v2\/comments?post=790"}],"version-history":[{"count":8,"href":"https:\/\/cpaguirre-cba.infd.edu.ar\/sitio\/wp-json\/wp\/v2\/pages\/790\/revisions"}],"predecessor-version":[{"id":1041,"href":"https:\/\/cpaguirre-cba.infd.edu.ar\/sitio\/wp-json\/wp\/v2\/pages\/790\/revisions\/1041"}],"wp:attachment":[{"href":"https:\/\/cpaguirre-cba.infd.edu.ar\/sitio\/wp-json\/wp\/v2\/media?parent=790"}],"curies":[{"name":"wp","href":"https:\/\/api.w.org\/{rel}","templated":true}]}}