{"id":788,"date":"2018-08-30T11:52:50","date_gmt":"2018-08-30T14:52:50","guid":{"rendered":"https:\/\/cpaguirre-cba.infd.edu.ar\/sitio\/datos-institucionales\/"},"modified":"2025-07-22T13:29:05","modified_gmt":"2025-07-22T16:29:05","slug":"datos-institucionales","status":"publish","type":"page","link":"https:\/\/cpaguirre-cba.infd.edu.ar\/sitio\/datos-institucionales\/","title":{"rendered":"Datos institucionales"},"content":{"rendered":"<p class=\"Titulo1\" style=\"text-align: center;\">\u00a0<span style=\"font-family: Verdana, Arial, Helvetica, sans-serif; font-size: 10px;\">\u00a0<\/span><\/p>\n<table style=\"font-family: verdana, geneva; font-size: 10pt; background-color: #d1efef; width: 100%; height: 157px; border: 3px solid #050d74;\" border=\"3\" frame=\"border\" rules=\"all\" align=\"center\">\n<tbody>\n<tr>\n<td style=\"text-align: center;\">\n<ul>\n<li style=\"text-align: left;\"><span style=\"font-size: 12pt;\"><span style=\"font-family: verdana, geneva;\"><strong>Direcci\u00f3n :<\/strong> C\u00f3rdoba 960 &#8211; <\/span><span style=\"font-family: verdana, geneva;\">R\u00edo Cuarto -C\u00f3rdoba<\/span><\/span><\/li>\n<\/ul>\n<\/td>\n<\/tr>\n<tr>\n<td>\n<ul>\n<li style=\"text-align: left;\"><span style=\"font-size: 12pt;\"><span style=\"font-family: verdana, geneva;\"><strong>Tel\u00e9fonos :<\/strong> 358-4701435<\/span><\/span><\/li>\n<\/ul>\n<\/td>\n<\/tr>\n<tr>\n<td>\n<ul>\n<li style=\"text-align: left;\"><span style=\"font-size: 12pt;\"><span style=\"font-family: verdana, geneva;\"><strong>Mail:<\/strong> <em>julianaguirre2012@hotmail.com<\/em><\/span><\/span><\/li>\n<\/ul>\n<\/td>\n<\/tr>\n<tr>\n<td>\n<ul>\n<li style=\"text-align: left;\"><span style=\"font-size: 12pt;\"><span style=\"font-family: verdana, geneva;\"><strong>Horarios de atenci\u00f3n:<\/strong> \u00a0<\/span><span style=\"font-family: verdana, geneva;\">8:30- 21:50<\/span><\/span><\/li>\n<\/ul>\n<\/td>\n<\/tr>\n<\/tbody>\n<\/table>\n<p><img decoding=\"async\" loading=\"lazy\" class=\"alignnone\" style=\"border: 0px; display: block; margin-left: auto; margin-right: auto;\" src=\"https:\/\/cpaguirre-cba.infd.edu.ar\/aula\/archivos\/repositorio\/0\/60\/portada4.jpg\" alt=\"\" width=\"502\" height=\"226\" border=\"0\" \/><\/p>\n","protected":false},"excerpt":{"rendered":"<p>\u00a0\u00a0 Direcci\u00f3n : C\u00f3rdoba 960 &#8211; R\u00edo Cuarto -C\u00f3rdoba Tel\u00e9fonos : 358-4701435 Mail: julianaguirre2012@hotmail.com Horarios de atenci\u00f3n: \u00a08:30- 21:50<\/p>\n","protected":false},"author":312,"featured_media":0,"parent":0,"menu_order":0,"comment_status":"closed","ping_status":"closed","template":"","meta":[],"acf":[],"_links":{"self":[{"href":"https:\/\/cpaguirre-cba.infd.edu.ar\/sitio\/wp-json\/wp\/v2\/pages\/788"}],"collection":[{"href":"https:\/\/cpaguirre-cba.infd.edu.ar\/sitio\/wp-json\/wp\/v2\/pages"}],"about":[{"href":"https:\/\/cpaguirre-cba.infd.edu.ar\/sitio\/wp-json\/wp\/v2\/types\/page"}],"author":[{"embeddable":true,"href":"https:\/\/cpaguirre-cba.infd.edu.ar\/sitio\/wp-json\/wp\/v2\/users\/312"}],"replies":[{"embeddable":true,"href":"https:\/\/cpaguirre-cba.infd.edu.ar\/sitio\/wp-json\/wp\/v2\/comments?post=788"}],"version-history":[{"count":1,"href":"https:\/\/cpaguirre-cba.infd.edu.ar\/sitio\/wp-json\/wp\/v2\/pages\/788\/revisions"}],"predecessor-version":[{"id":1014,"href":"https:\/\/cpaguirre-cba.infd.edu.ar\/sitio\/wp-json\/wp\/v2\/pages\/788\/revisions\/1014"}],"wp:attachment":[{"href":"https:\/\/cpaguirre-cba.infd.edu.ar\/sitio\/wp-json\/wp\/v2\/media?parent=788"}],"curies":[{"name":"wp","href":"https:\/\/api.w.org\/{rel}","templated":true}]}}