{"id":775,"date":"2018-08-30T11:52:47","date_gmt":"2018-08-30T14:52:47","guid":{"rendered":"https:\/\/cpaguirre-cba.infd.edu.ar\/sitio\/nivel-inicial\/"},"modified":"2018-09-15T00:31:11","modified_gmt":"2018-09-15T03:31:11","slug":"nivel-inicial","status":"publish","type":"page","link":"https:\/\/cpaguirre-cba.infd.edu.ar\/sitio\/nivel-inicial\/","title":{"rendered":"Ciclo Art\u00edstico Vocacional Infantil (CAVI)"},"content":{"rendered":"<p style=\"text-align: left;\"><span style=\"font-family: arial, helvetica, sans-serif; font-size: 12pt; text-align: left;\">Estos talleres posibilitan:<\/span><\/p>\n<ul>\n<li><span style=\"font-family: arial, helvetica, sans-serif; font-size: 12pt;\">Iniciarse en el conocimiento del lenguaje musical a trav\u00e9s de la vivencia y la experimentaci\u00f3n.<\/span><\/li>\n<li><span style=\"font-family: arial, helvetica, sans-serif; font-size: 12pt;\">Expresar, comunicar y construir nuevos significados desde el lenguaje art\u00edstico<\/span><\/li>\n<li><span style=\"font-family: arial, helvetica, sans-serif; font-size: 12pt;\">Participar en experiencias art\u00edsticas colectivas e individuales.<\/span><\/li>\n<li><span style=\"font-family: arial, helvetica, sans-serif; font-size: 12pt;\">Explorar las posibilidades que ofrecen los diferentes instrumentos musicales.<\/span><\/li>\n<li><span style=\"font-family: arial, helvetica, sans-serif; font-size: 12pt;\">Desarrollar h\u00e1bitos de trabajo responsable.<\/span><\/li>\n<li><span style=\"font-family: arial, helvetica, sans-serif; font-size: 12pt;\">Utilizar la voz, los instrumentos convencionales, no convencionales y did\u00e1cticos en el desarrollo de la expresi\u00f3n.<\/span><\/li>\n<\/ul>\n<p style=\"text-align: left;\"><span style=\"font-size: 12pt; font-family: arial, helvetica, sans-serif;\">Esta articulado en cuatro niveles seg\u00fan las edades y tres espacios curriculares:<\/span><\/p>\n<ul>\n<li style=\"text-align: left;\"><span style=\"font-family: arial, helvetica, sans-serif; font-size: 12pt;\">Taller de iniciaci\u00f3n al lenguaje musical<\/span><\/li>\n<li style=\"text-align: left;\"><span style=\"font-family: arial, helvetica, sans-serif; font-size: 12pt;\">Taller de iniciaci\u00f3n al conjunto vocal e instrumental\u00a0<\/span><\/li>\n<li style=\"text-align: left;\"><span style=\"font-family: arial, helvetica, sans-serif; font-size: 12pt;\">Taller de iniciaci\u00f3n en instrumento<\/span><\/li>\n<\/ul>\n<p style=\"text-align: center;\"><img decoding=\"async\" loading=\"lazy\" class=\"alignnone size-full wp-image-879\" src=\"https:\/\/cpaguirre-cba.infd.edu.ar\/sitio\/wp-content\/uploads\/2018\/09\/14713727_1289899254374337_3107757435302694363_n.jpg\" alt=\"\" width=\"206\" height=\"206\" \/> <img decoding=\"async\" loading=\"lazy\" class=\"alignnone size-full wp-image-878\" src=\"https:\/\/cpaguirre-cba.infd.edu.ar\/sitio\/wp-content\/uploads\/2018\/09\/14572429_1271939329503663_4295100979412945754_n.jpg\" alt=\"\" width=\"206\" height=\"206\" \/> <img decoding=\"async\" loading=\"lazy\" class=\"alignnone size-full wp-image-877\" src=\"https:\/\/cpaguirre-cba.infd.edu.ar\/sitio\/wp-content\/uploads\/2018\/09\/14656432_1289899627707633_4549095273567615499_n.jpg\" alt=\"\" width=\"206\" height=\"206\" \/><\/p>\n<p style=\"text-align: center;\"><strong style=\"font-family: arial, helvetica, sans-serif; font-size: 12pt;\">Destinado para ni\u00f1os entre 8 y 11 a\u00f1os<\/strong><span style=\"font-size: 12pt;\">.<\/span><\/p>\n","protected":false},"excerpt":{"rendered":"<p>Estos talleres posibilitan: Iniciarse en el conocimiento del lenguaje musical a trav\u00e9s de la vivencia y la experimentaci\u00f3n. Expresar, comunicar y construir nuevos significados desde el lenguaje art\u00edstico Participar en experiencias art\u00edsticas colectivas e individuales. Explorar las posibilidades que ofrecen los diferentes instrumentos musicales. Desarrollar h\u00e1bitos de trabajo responsable. Utilizar la voz, los instrumentos convencionales, &#8230; <a title=\"Ciclo Art\u00edstico Vocacional Infantil (CAVI)\" class=\"read-more\" href=\"https:\/\/cpaguirre-cba.infd.edu.ar\/sitio\/nivel-inicial\/\" aria-label=\"More on Ciclo Art\u00edstico Vocacional Infantil (CAVI)\">[+]<\/a><\/p>\n","protected":false},"author":312,"featured_media":0,"parent":0,"menu_order":0,"comment_status":"closed","ping_status":"closed","template":"","meta":[],"acf":[],"_links":{"self":[{"href":"https:\/\/cpaguirre-cba.infd.edu.ar\/sitio\/wp-json\/wp\/v2\/pages\/775"}],"collection":[{"href":"https:\/\/cpaguirre-cba.infd.edu.ar\/sitio\/wp-json\/wp\/v2\/pages"}],"about":[{"href":"https:\/\/cpaguirre-cba.infd.edu.ar\/sitio\/wp-json\/wp\/v2\/types\/page"}],"author":[{"embeddable":true,"href":"https:\/\/cpaguirre-cba.infd.edu.ar\/sitio\/wp-json\/wp\/v2\/users\/312"}],"replies":[{"embeddable":true,"href":"https:\/\/cpaguirre-cba.infd.edu.ar\/sitio\/wp-json\/wp\/v2\/comments?post=775"}],"version-history":[{"count":3,"href":"https:\/\/cpaguirre-cba.infd.edu.ar\/sitio\/wp-json\/wp\/v2\/pages\/775\/revisions"}],"predecessor-version":[{"id":880,"href":"https:\/\/cpaguirre-cba.infd.edu.ar\/sitio\/wp-json\/wp\/v2\/pages\/775\/revisions\/880"}],"wp:attachment":[{"href":"https:\/\/cpaguirre-cba.infd.edu.ar\/sitio\/wp-json\/wp\/v2\/media?parent=775"}],"curies":[{"name":"wp","href":"https:\/\/api.w.org\/{rel}","templated":true}]}}