{"id":773,"date":"2018-08-30T11:52:46","date_gmt":"2018-08-30T14:52:46","guid":{"rendered":"https:\/\/cpaguirre-cba.infd.edu.ar\/sitio\/trayecto-artistico-profesional\/"},"modified":"2025-07-23T12:58:31","modified_gmt":"2025-07-23T15:58:31","slug":"trayecto-artistico-profesional","status":"publish","type":"page","link":"https:\/\/cpaguirre-cba.infd.edu.ar\/sitio\/trayecto-artistico-profesional\/","title":{"rendered":"Ciclo art\u00edstico Vocacional (CAV)"},"content":{"rendered":"<p style=\"text-align: center;\"><img decoding=\"async\" loading=\"lazy\" class=\"alignleft\" src=\"https:\/\/cpaguirre-cba.infd.edu.ar\/aula\/archivos\/repositorio\/0\/42\/16.jpg\" alt=\"\" width=\"563\" height=\"370\" border=\"0\" \/><span style=\"font-family: arial, helvetica, sans-serif; font-size: 12pt;\">Nivel:\u00a0<\/span><strong style=\"font-family: arial, helvetica, sans-serif; font-size: 12pt;\">Medio<\/strong><span style=\"font-family: arial, helvetica, sans-serif; font-size: 12pt;\">\u00a0<\/span><\/p>\n<p style=\"text-align: center;\"><span style=\"font-family: arial, helvetica, sans-serif; font-size: 12pt;\">Formaci\u00f3n B\u00e1sica &#8212;-&gt; Duraci\u00f3n:<strong>\u00a03 a\u00f1os<\/strong><br \/>\n<\/span><\/p>\n<p style=\"text-align: center;\"><span style=\"font-family: arial, helvetica, sans-serif; font-size: 12pt;\">Formaci\u00f3n Avanzada &#8212;-&gt; Duraci\u00f3n:<strong>\u00a03 a\u00f1os<\/strong><\/span><\/p>\n<p style=\"text-align: center;\"><span style=\"font-family: arial, helvetica, sans-serif; font-size: 12pt;\">Orientaciones<\/span><\/p>\n<p style=\"text-align: center;\"><span style=\"color: #0000ff;\"><em><span style=\"font-family: arial, helvetica, sans-serif; font-size: 12pt;\"><strong>En Instrumento<\/strong><\/span><\/em><\/span><\/p>\n<p style=\"text-align: center;\"><span style=\"font-family: arial, helvetica, sans-serif; font-size: 12pt;\"> con especialidades en:guitarra &#8211; piano &#8211; percusi\u00f3n -clarinete &#8211; flauta traversa &#8211;\u00a0 saxof\u00f3n &#8211; viol\u00edn &#8211;\u00a0 violoncello &#8211; contrabajo\u00a0<\/span><\/p>\n<p style=\"text-align: center;\"><span style=\"color: #0000ff;\"><em><span style=\"font-family: arial, helvetica, sans-serif; font-size: 12pt;\"><strong>En Canto<\/strong><\/span><\/em><\/span><\/p>\n<p style=\"text-align: center;\"><span style=\"font-family: arial, helvetica, sans-serif; font-size: 12pt;\">Perfil del egresado: permite desempe\u00f1arse como m\u00fasico solista, en conjunto o acompa\u00f1ante, continuar estudios superiores o desempe\u00f1arse como docente en la especialidad.<\/span><\/p>\n","protected":false},"excerpt":{"rendered":"<p>Nivel:\u00a0Medio\u00a0 Formaci\u00f3n B\u00e1sica &#8212;-&gt; Duraci\u00f3n:\u00a03 a\u00f1os Formaci\u00f3n Avanzada &#8212;-&gt; Duraci\u00f3n:\u00a03 a\u00f1os Orientaciones En Instrumento con especialidades en:guitarra &#8211; piano &#8211; percusi\u00f3n -clarinete &#8211; flauta traversa &#8211;\u00a0 saxof\u00f3n &#8211; viol\u00edn &#8211;\u00a0 violoncello &#8211; contrabajo\u00a0 En Canto Perfil del egresado: permite desempe\u00f1arse como m\u00fasico solista, en conjunto o acompa\u00f1ante, continuar estudios superiores o desempe\u00f1arse como docente en &#8230; <a title=\"Ciclo art\u00edstico Vocacional (CAV)\" class=\"read-more\" href=\"https:\/\/cpaguirre-cba.infd.edu.ar\/sitio\/trayecto-artistico-profesional\/\" aria-label=\"More on Ciclo art\u00edstico Vocacional (CAV)\">[+]<\/a><\/p>\n","protected":false},"author":312,"featured_media":0,"parent":0,"menu_order":0,"comment_status":"closed","ping_status":"closed","template":"","meta":[],"acf":[],"_links":{"self":[{"href":"https:\/\/cpaguirre-cba.infd.edu.ar\/sitio\/wp-json\/wp\/v2\/pages\/773"}],"collection":[{"href":"https:\/\/cpaguirre-cba.infd.edu.ar\/sitio\/wp-json\/wp\/v2\/pages"}],"about":[{"href":"https:\/\/cpaguirre-cba.infd.edu.ar\/sitio\/wp-json\/wp\/v2\/types\/page"}],"author":[{"embeddable":true,"href":"https:\/\/cpaguirre-cba.infd.edu.ar\/sitio\/wp-json\/wp\/v2\/users\/312"}],"replies":[{"embeddable":true,"href":"https:\/\/cpaguirre-cba.infd.edu.ar\/sitio\/wp-json\/wp\/v2\/comments?post=773"}],"version-history":[{"count":2,"href":"https:\/\/cpaguirre-cba.infd.edu.ar\/sitio\/wp-json\/wp\/v2\/pages\/773\/revisions"}],"predecessor-version":[{"id":1034,"href":"https:\/\/cpaguirre-cba.infd.edu.ar\/sitio\/wp-json\/wp\/v2\/pages\/773\/revisions\/1034"}],"wp:attachment":[{"href":"https:\/\/cpaguirre-cba.infd.edu.ar\/sitio\/wp-json\/wp\/v2\/media?parent=773"}],"curies":[{"name":"wp","href":"https:\/\/api.w.org\/{rel}","templated":true}]}}