{"id":286,"date":"2016-10-31T13:17:59","date_gmt":"2016-10-31T16:17:59","guid":{"rendered":"https:\/\/cpaguirre-cba.infd.edu.ar\/sitio\/?page_id=286"},"modified":"2025-07-31T20:47:50","modified_gmt":"2025-07-31T23:47:50","slug":"inicio","status":"publish","type":"page","link":"https:\/\/cpaguirre-cba.infd.edu.ar\/sitio\/","title":{"rendered":"Inicio"},"content":{"rendered":"<table border=\"0\" width=\"1040\" cellspacing=\"0\" cellpadding=\"0\">\n<tbody>\n<tr>\n<td colspan=\"2\"><img decoding=\"async\" loading=\"lazy\" class=\"alignnone size-medium wp-image-1044\" src=\"https:\/\/cpaguirre-cba.infd.edu.ar\/sitio\/wp-content\/uploads\/2025\/07\/20220411_150135-1000x563.jpg\" alt=\"\" width=\"1000\" height=\"563\" srcset=\"https:\/\/cpaguirre-cba.infd.edu.ar\/sitio\/wp-content\/uploads\/2025\/07\/20220411_150135-1000x563.jpg 1000w, https:\/\/cpaguirre-cba.infd.edu.ar\/sitio\/wp-content\/uploads\/2025\/07\/20220411_150135-1900x1069.jpg 1900w, https:\/\/cpaguirre-cba.infd.edu.ar\/sitio\/wp-content\/uploads\/2025\/07\/20220411_150135-768x432.jpg 768w, https:\/\/cpaguirre-cba.infd.edu.ar\/sitio\/wp-content\/uploads\/2025\/07\/20220411_150135-1536x864.jpg 1536w, https:\/\/cpaguirre-cba.infd.edu.ar\/sitio\/wp-content\/uploads\/2025\/07\/20220411_150135-2048x1152.jpg 2048w\" sizes=\"(max-width: 1000px) 100vw, 1000px\" \/><\/td>\n<\/tr>\n<tr>\n<td align=\"left\" valign=\"top\" bgcolor=\"#AFC0D3\" width=\"706\"><img decoding=\"async\" loading=\"lazy\" src=\"https:\/\/cpaguirre-cba.infd.edu.ar\/sitio\/wp-content\/uploads\/2018\/09\/portada.jpg\" width=\"700\" height=\"536\" \/><\/td>\n<td align=\"left\" valign=\"top\" bgcolor=\"#AFC0D3\" width=\"334\">\n<p style=\"text-align: center;\"><strong><span style=\"font-family: tahoma, arial, helvetica, sans-serif; color: #3e748e; font-size: 14pt;\">Conservatorio Superior de M\u00fasica Juli\u00e1n Aguirre.<\/span><\/strong><\/p>\n<p style=\"text-align: left;\"><span style=\"font-family: tahoma, arial, helvetica, sans-serif; font-size: 12pt;\"><span style=\"color: black;\">E<\/span><span style=\"color: black;\">sta Instituci\u00f3n de Nivel Superior forma parte del sistema de educaci\u00f3n de gesti\u00f3n p\u00fablica de la Provincia de C\u00f3rdoba, Rep\u00fablica Argentina. Cuenta con un Nivel Inicial para ni\u00f1os, un Trayecto Art\u00edstico de Nivel Medio y la Formaci\u00f3n Docente de Nivel Superior <\/span><\/span><\/p>\n<p><span style=\"font-size: 12pt; color: black; font-family: tahoma, arial, helvetica, sans-serif;\">El Conservatorio Superior de M\u00fasica \u00abJuli\u00e1n Aguirre\u00bb est\u00e1 ubicado en la calle <a href=\"https:\/\/goo.gl\/maps\/tGhFSNAzTLh1PzDf8\" target=\"_blank\" rel=\"noopener\">C\u00f3rdoba 960 (Barrio Banda Norte), de la ciudad de R\u00edo Cuarto.<\/a><\/span> <span style=\"font-size: 12pt; color: black; font-family: tahoma, arial, helvetica, sans-serif;\">A trav\u00e9s de este sitio en Internet, nuestra Instituci\u00f3n podr\u00e1 comunicar novedades, acercar informaci\u00f3n, compartir experiencias y brindar apoyo y asesoramiento a\u00a0alumnos, docentes e interesados en formar parte de esta comunidad educativa.<\/span><\/p>\n<\/td>\n<\/tr>\n<tr>\n<td colspan=\"2\" bgcolor=\"#FFFFFF\">\n<table border=\"0\" width=\"1040\" cellspacing=\"0\" cellpadding=\"0\">\n<tbody>\n<tr>\n<td width=\"187\"><img decoding=\"async\" loading=\"lazy\" src=\"https:\/\/cpaguirre-cba.infd.edu.ar\/sitio\/wp-content\/uploads\/2018\/08\/la_red.jpg\" width=\"186\" height=\"125\" \/><\/td>\n<td align=\"left\" valign=\"middle\" bgcolor=\"#FFFFFF\" width=\"853\">\n<p><span style=\"font-size: 10pt; color: black; font-family: tahoma, arial, helvetica, sans-serif;\">Junto con varios cientos de Institutos, integramos la <strong><em>Red\u00a0Virtual de Institutos Superiores de Formaci\u00f3n Docente<\/em><\/strong>\u00a0coordinada por el <strong>INFD<\/strong> (Instituto Nacional de Formaci\u00f3n Docente) dependiente del Ministerio de Educaci\u00f3n de la Naci\u00f3n Argentina.<\/span> <span style=\"font-size: 10pt; color: black; font-family: tahoma, arial, helvetica, sans-serif;\">\u00a0<\/span><\/p>\n<\/td>\n<\/tr>\n<\/tbody>\n<\/table>\n<\/td>\n<\/tr>\n<\/tbody>\n<\/table>\n","protected":false},"excerpt":{"rendered":"<p>Conservatorio Superior de M\u00fasica Juli\u00e1n Aguirre. Esta Instituci\u00f3n de Nivel Superior forma parte del sistema de educaci\u00f3n de gesti\u00f3n p\u00fablica de la Provincia de C\u00f3rdoba, Rep\u00fablica Argentina. Cuenta con un Nivel Inicial para ni\u00f1os, un Trayecto Art\u00edstico de Nivel Medio y la Formaci\u00f3n Docente de Nivel Superior El Conservatorio Superior de M\u00fasica \u00abJuli\u00e1n Aguirre\u00bb est\u00e1 &#8230; <a title=\"Inicio\" class=\"read-more\" href=\"https:\/\/cpaguirre-cba.infd.edu.ar\/sitio\/\" aria-label=\"More on Inicio\">[+]<\/a><\/p>\n","protected":false},"author":1,"featured_media":0,"parent":0,"menu_order":0,"comment_status":"closed","ping_status":"closed","template":"","meta":[],"acf":[],"_links":{"self":[{"href":"https:\/\/cpaguirre-cba.infd.edu.ar\/sitio\/wp-json\/wp\/v2\/pages\/286"}],"collection":[{"href":"https:\/\/cpaguirre-cba.infd.edu.ar\/sitio\/wp-json\/wp\/v2\/pages"}],"about":[{"href":"https:\/\/cpaguirre-cba.infd.edu.ar\/sitio\/wp-json\/wp\/v2\/types\/page"}],"author":[{"embeddable":true,"href":"https:\/\/cpaguirre-cba.infd.edu.ar\/sitio\/wp-json\/wp\/v2\/users\/1"}],"replies":[{"embeddable":true,"href":"https:\/\/cpaguirre-cba.infd.edu.ar\/sitio\/wp-json\/wp\/v2\/comments?post=286"}],"version-history":[{"count":175,"href":"https:\/\/cpaguirre-cba.infd.edu.ar\/sitio\/wp-json\/wp\/v2\/pages\/286\/revisions"}],"predecessor-version":[{"id":1048,"href":"https:\/\/cpaguirre-cba.infd.edu.ar\/sitio\/wp-json\/wp\/v2\/pages\/286\/revisions\/1048"}],"wp:attachment":[{"href":"https:\/\/cpaguirre-cba.infd.edu.ar\/sitio\/wp-json\/wp\/v2\/media?parent=286"}],"curies":[{"name":"wp","href":"https:\/\/api.w.org\/{rel}","templated":true}]}}